{"id":6,"date":"2018-07-12T14:02:03","date_gmt":"2018-07-12T14:02:03","guid":{"rendered":"http:\/\/www.titalee.it\/?page_id=6"},"modified":"2018-09-01T09:01:26","modified_gmt":"2018-09-01T09:01:26","slug":"home","status":"publish","type":"page","link":"https:\/\/www.titalee.it\/","title":{"rendered":"Home"},"content":{"rendered":"<p><img loading=\"lazy\" decoding=\"async\" class=\"alignnone wp-image-79 alignleft\" src=\"https:\/\/www.titalee.it\/wp-content\/uploads\/2018\/08\/1-e1535707594639-300x191.jpg\" alt=\"\" width=\"322\" height=\"205\" srcset=\"https:\/\/www.titalee.it\/wp-content\/uploads\/2018\/08\/1-e1535707594639-300x191.jpg 300w, https:\/\/www.titalee.it\/wp-content\/uploads\/2018\/08\/1-e1535707594639-768x489.jpg 768w, https:\/\/www.titalee.it\/wp-content\/uploads\/2018\/08\/1-e1535707594639-1024x652.jpg 1024w\" sizes=\"auto, (max-width: 322px) 100vw, 322px\" \/>Lo Studio Olistico Titalee si trova in via Romita 29 ad Acqui Terme. \u00a0 \u00a0Questo studio opera nel campo dei trattamenti orientali legati alla tradizione indiana dell&#8217;Ayurveda. \u00a0 Paolo e Federica col loro studio e l\u2019esperienza professionale maturata negli anni, propongono trattamenti e massaggi personalizzati, nello stile dell&#8217;approccio olistico suggerito dalla Tradizione Ayurvedica Indiana ed Occidentale.<span class=\"Apple-converted-space\">\u00a0<\/span><\/p>\n<p>&nbsp;<\/p>\n<p>Massaggio Indiano della Testa, Massaggio del Viso, Massaggio Sportivo, Massaggio linfatico e tanti altri: scegli il trattamento che preferisci e vieni nel nostro studio a rilassare corpo e mente.<span class=\"Apple-converted-space\">\u00a0<\/span><\/p>\n<p>La nostra struttura \u00e8 molto semplice: non \u00e8 un centro benessere ma un posto accogliente dove trovare relax<span class=\"Apple-converted-space\">\u00a0 <\/span>attraverso i nostri trattamenti cercando di soddisfare le vostre aspettative. Consigliato a chi cerca questo tipo di trattamenti e chi va oltre alle apparenze. Non si tratta di un massaggio in un centro benessere, ma di un massaggio personalizzato fatto da professionisti.<\/p>\n<p><img loading=\"lazy\" decoding=\"async\" class=\"size-medium wp-image-97 alignright\" src=\"https:\/\/www.titalee.it\/wp-content\/uploads\/2018\/09\/DSCF1888-1-300x225.jpg\" alt=\"\" width=\"300\" height=\"225\" srcset=\"https:\/\/www.titalee.it\/wp-content\/uploads\/2018\/09\/DSCF1888-1-300x225.jpg 300w, https:\/\/www.titalee.it\/wp-content\/uploads\/2018\/09\/DSCF1888-1-768x576.jpg 768w, https:\/\/www.titalee.it\/wp-content\/uploads\/2018\/09\/DSCF1888-1-1024x768.jpg 1024w\" sizes=\"auto, (max-width: 300px) 100vw, 300px\" \/><br \/>\nl\u00a0Massaggio\u00a0\u00e8 consigliato a chi svolge lavori impegnativi e stressanti oppure a chi passa seduto alla scrivania o davanti al computer molto tempo.<br \/>\nIl calore generato e l\u2019azione rilassante che ne deriva stimola la microcircolazione sanguigna favorendo il recupero tonico della muscolatura, allentando contratture e tensioni muscolari anche di natura psicologica .<br \/>\nIl\u00a0Massaggio Cervicale\u00a0\u00e9 un ottimo trattamento del torcicollo, emicranie e per chi ha problemi dell\u2019articolazione mandibolare.<br \/>\nIl\u00a0Massaggio Decontratturante\u00a0\u00e8 un vero e proprio trattamento per i soggetti con dolore muscolare localizzato in distretti specifici della schiena e \u00a0del collo a seguito di posizioni posturali scorrette e sforzi fisici inadeguati.<br \/>\nAttraverso il\u00a0Massaggio Posturale\u00a0con la stimolazione della zona interessata si riattivano molti centri nervosi e quindi si pu\u00f2 notare anche solo dopo una sola seduta un notevole miglioramento dell\u2019apporto di ossigeno in tutto il corpo e nei tessuti cutanei.<\/p>\n<p>Parte integrante dell\u2019antica tradizione indiana, il\u00a0massaggio Ayurvedico\u00a0si propone di\u00a0ripristinare una condizione di equilibrio nell\u2019organismo, generando\u00a0benessere fisico e mentale.<\/p>\n<p>In India, l\u2019Ayurveda, letteralmente: \u201cscienza della vita\u201d, \u00e8 da millenni una tradizione profondamente radicata. L\u2019Ayurveda \u00e8 una filosofia, uno stile di vita e le persone che ne abbracciano i principi, si sottopongono al massaggio giornalmente per il mantenimento della propria salute, per la prevenzione dalle malattie e per rispetto del proprio corpo e dello spirito.<\/p>\n<p><img loading=\"lazy\" decoding=\"async\" class=\" wp-image-23 alignleft\" src=\"https:\/\/www.titalee.it\/wp-content\/uploads\/2018\/07\/22519217_128719707789267_8049256688615931140_n-225x300.jpg\" alt=\"\" width=\"263\" height=\"351\" srcset=\"https:\/\/www.titalee.it\/wp-content\/uploads\/2018\/07\/22519217_128719707789267_8049256688615931140_n-225x300.jpg 225w, https:\/\/www.titalee.it\/wp-content\/uploads\/2018\/07\/22519217_128719707789267_8049256688615931140_n.jpg 720w\" sizes=\"auto, (max-width: 263px) 100vw, 263px\" \/>L\u2019utilizzo dell\u2019olio, oltre a rendere pi\u00f9 efficace lo scorrimento delle mani del massaggiatore sulla pelle del ricevente, permette alla pelle di assorbirne le propriet\u00e0 nutritive, rendendola pi\u00f9 morbida e resistente, prevenendo la perdita di elasticit\u00e0 dovuta all\u2019invecchiamento e disperdendo il calore interno in eccesso.<\/p>\n<p>Il\u00a0massaggio avviene con impastamenti, sfioramenti, frizionamenti. Un massaggio fatto solo di sfioramenti non \u00e8 utile poich\u00e9 stimola solo le parti superficiali come la pelle, perci\u00f2 sono esercitate pressioni pi\u00f9 intense per massaggiare anche i muscoli. Il\u00a0massaggio Ayurvedico\u00a0viene eseguito lentamente e chi riceve deve cercare di rilassarsi completamente per dar modo alle stimolazioni di sciogliere al meglio i blocchi fisici generati dalle tensioni accumulate. Questo aspetto \u00e8 molto importante perch\u00e9 solo in tal modo il massaggio risulter\u00e0 veramente efficace.<\/p>\n<p>I muscoli, la pelle, i nervi, i vasi sanguigni, le articolazioni e le ossa vengono massaggiati. Il trattamento dei muscoli, attraverso sfioramenti, frizionamenti e impastamenti, libera dalla fatica la persona trattata, grazie all\u2019azione di scioglimento delle tensioni accumulate a causa di stress psicologico o fisico.<\/p>\n<p>Grazie al massaggio ayurvedico, il sistema linfatico, il cui compito \u00e8 quello di proteggere l\u2019organismo dalle infezioni recuperando le sostanze utili e la parte liquida in eccesso, \u00e8 stimolato nel compiere in modo pi\u00f9 efficace le sue funzioni. Vi \u00e8 una pi\u00f9 celere eliminazione del liquido interstiziale e della linfa che per determinate cause si sono accumulati in alcune regioni del corpo. In questo modo l\u2019organismo si purifica dalle tossine, rinvigorendosi. Inoltre, il massaggio del collo, delle spalle, delle braccia, della schiena, delle gambe e dell\u2019addome rendono tonico e flessibile il corpo, mantenendolo sano e in forma. La pelle, dopo un massaggio Ayurvedico, \u00e8 rinnovata.<\/p>\n","protected":false},"excerpt":{"rendered":"<p>Lo Studio Olistico Titalee si trova in via Romita 29 ad Acqui Terme. \u00a0 \u00a0Questo studio opera nel campo dei trattamenti orientali legati alla tradizione indiana dell&#8217;Ayurveda. \u00a0 Paolo e Federica col loro studio e l\u2019esperienza professionale maturata negli anni, propongono trattamenti e massaggi personalizzati, nello stile dell&#8217;approccio olistico suggerito dalla Tradizione Ayurvedica Indiana ed [&hellip;]<\/p>\n","protected":false},"author":1,"featured_media":0,"parent":0,"menu_order":0,"comment_status":"closed","ping_status":"closed","template":"","meta":{"footnotes":""},"class_list":["post-6","page","type-page","status-publish","hentry"],"_links":{"self":[{"href":"https:\/\/www.titalee.it\/index.php?rest_route=\/wp\/v2\/pages\/6","targetHints":{"allow":["GET"]}}],"collection":[{"href":"https:\/\/www.titalee.it\/index.php?rest_route=\/wp\/v2\/pages"}],"about":[{"href":"https:\/\/www.titalee.it\/index.php?rest_route=\/wp\/v2\/types\/page"}],"author":[{"embeddable":true,"href":"https:\/\/www.titalee.it\/index.php?rest_route=\/wp\/v2\/users\/1"}],"replies":[{"embeddable":true,"href":"https:\/\/www.titalee.it\/index.php?rest_route=%2Fwp%2Fv2%2Fcomments&post=6"}],"version-history":[{"count":8,"href":"https:\/\/www.titalee.it\/index.php?rest_route=\/wp\/v2\/pages\/6\/revisions"}],"predecessor-version":[{"id":98,"href":"https:\/\/www.titalee.it\/index.php?rest_route=\/wp\/v2\/pages\/6\/revisions\/98"}],"wp:attachment":[{"href":"https:\/\/www.titalee.it\/index.php?rest_route=%2Fwp%2Fv2%2Fmedia&parent=6"}],"curies":[{"name":"wp","href":"https:\/\/api.w.org\/{rel}","templated":true}]}}